{"id":11,"date":"2022-11-04T22:58:12","date_gmt":"2022-11-04T22:58:12","guid":{"rendered":"https:\/\/pagos.lightbox.mx\/?post_type=product&#038;p=11"},"modified":"2022-12-01T06:03:06","modified_gmt":"2022-12-01T06:03:06","slug":"pagina-web","status":"publish","type":"product","link":"https:\/\/pagos.lightbox.mx\/?product=pagina-web","title":{"rendered":"eCommerce a meses sin intereses"},"content":{"rendered":"<p>Incluye:<\/p>\n<p>-Planeaci\u00f3n integral del desarrollo del sitio web.<br \/>\n-Dise\u00f1o de maquetado y programaci\u00f3n del sitio web<br \/>\n-sitio informativo de hasta 4 secciones de contenidos<br \/>\n-integraci\u00f3n de tienda en l\u00ednea (50 SKU)<br \/>\n-Pagos seguros: PayPal, Tarjeta de Cr\u00e9dito\/D\u00e9bito, Dep\u00f3sito y transferencias<br \/>\n-Optimizaci\u00f3n SEO para Google<br \/>\n-Vinculaci\u00f3n de redes sociales<br \/>\n-Hosting y dominio por 1 a\u00f1o<br \/>\n-Creaci\u00f3n ilimitada de cuentas de correo corporativas<br \/>\n-Chat interactivo en l\u00ednea con WhatsApp y Facebook Messenger<\/p>\n","protected":false},"excerpt":{"rendered":"<p>Incluye:<\/p>\n<p>-Planeaci\u00f3n integral del desarrollo del sitio web.<br \/>\n-Dise\u00f1o de maquetado y programaci\u00f3n del sitio web<br \/>\n-sitio informativo de hasta 4 secciones de contenidos<br \/>\n-integraci\u00f3n de tienda en l\u00ednea (50 SKU)<br \/>\n-Pagos seguros: PayPal, Tarjeta de Cr\u00e9dito\/D\u00e9bito, Dep\u00f3sito y transferencias<br \/>\n-Optimizaci\u00f3n SEO para Google<br \/>\n-Vinculaci\u00f3n de redes sociales<br \/>\n-Hosting y dominio por 1 a\u00f1o<br \/>\n-Creaci\u00f3n ilimitada de cuentas de correo corporativas<br \/>\n-Chat interactivo en l\u00ednea con WhatsApp y Facebook Messenger<\/p>\n","protected":false},"featured_media":5350,"comment_status":"open","ping_status":"closed","template":"","meta":{"site-sidebar-layout":"default","site-content-layout":"default","ast-global-header-display":"","ast-main-header-display":"","ast-hfb-above-header-display":"","ast-hfb-below-header-display":"","ast-hfb-mobile-header-display":"","site-post-title":"","ast-breadcrumbs-content":"","ast-featured-img":"","footer-sml-layout":"","theme-transparent-header-meta":"default","adv-header-id-meta":"","stick-header-meta":"","header-above-stick-meta":"","header-main-stick-meta":"","header-below-stick-meta":""},"product_cat":[15],"product_tag":[],"class_list":{"0":"post-11","1":"product","2":"type-product","3":"status-publish","4":"has-post-thumbnail","6":"product_cat-sin-categorizar","7":"desktop-align-left","8":"tablet-align-left","9":"mobile-align-left","11":"first","12":"instock","13":"sale","14":"shipping-taxable","15":"purchasable","16":"product-type-variable"},"yoast_head":"<!-- This site is optimized with the Yoast SEO plugin v19.10 - https:\/\/yoast.com\/wordpress\/plugins\/seo\/ -->\n<title>eCommerce a meses sin intereses - Lightbox<\/title>\n<meta name=\"robots\" content=\"index, follow, max-snippet:-1, max-image-preview:large, max-video-preview:-1\" \/>\n<link rel=\"canonical\" href=\"https:\/\/pagos.lightbox.mx\/?product=pagina-web\" \/>\n<meta property=\"og:locale\" content=\"es_ES\" \/>\n<meta property=\"og:type\" content=\"article\" \/>\n<meta property=\"og:title\" content=\"eCommerce a meses sin intereses - Lightbox\" \/>\n<meta property=\"og:description\" content=\"Incluye:  -Planeaci\u00f3n integral del desarrollo del sitio web. -Dise\u00f1o de maquetado y programaci\u00f3n del sitio web -sitio informativo de hasta 4 secciones de contenidos -integraci\u00f3n de tienda en l\u00ednea (50 SKU) -Pagos seguros: PayPal, Tarjeta de Cr\u00e9dito\/D\u00e9bito, Dep\u00f3sito y transferencias -Optimizaci\u00f3n SEO para Google -Vinculaci\u00f3n de redes sociales -Hosting y dominio por 1 a\u00f1o -Creaci\u00f3n ilimitada de cuentas de correo corporativas -Chat interactivo en l\u00ednea con WhatsApp y Facebook Messenger\" \/>\n<meta property=\"og:url\" content=\"https:\/\/pagos.lightbox.mx\/?product=pagina-web\" \/>\n<meta property=\"og:site_name\" content=\"Lightbox\" \/>\n<meta property=\"article:modified_time\" content=\"2022-12-01T06:03:06+00:00\" \/>\n<meta property=\"og:image\" content=\"https:\/\/pagos.lightbox.mx\/wp-content\/uploads\/2022\/11\/ecommerce-e1668030836286.png\" \/>\n\t<meta property=\"og:image:width\" content=\"750\" \/>\n\t<meta property=\"og:image:height\" content=\"750\" \/>\n\t<meta property=\"og:image:type\" content=\"image\/png\" \/>\n<meta name=\"twitter:card\" content=\"summary_large_image\" \/>\n<script type=\"application\/ld+json\" class=\"yoast-schema-graph\">{\"@context\":\"https:\/\/schema.org\",\"@graph\":[{\"@type\":\"WebPage\",\"@id\":\"https:\/\/pagos.lightbox.mx\/?product=pagina-web\",\"url\":\"https:\/\/pagos.lightbox.mx\/?product=pagina-web\",\"name\":\"eCommerce a meses sin intereses - Lightbox\",\"isPartOf\":{\"@id\":\"https:\/\/pagos.lightbox.mx\/#website\"},\"datePublished\":\"2022-11-04T22:58:12+00:00\",\"dateModified\":\"2022-12-01T06:03:06+00:00\",\"breadcrumb\":{\"@id\":\"https:\/\/pagos.lightbox.mx\/?product=pagina-web#breadcrumb\"},\"inLanguage\":\"es\",\"potentialAction\":[{\"@type\":\"ReadAction\",\"target\":[\"https:\/\/pagos.lightbox.mx\/?product=pagina-web\"]}]},{\"@type\":\"BreadcrumbList\",\"@id\":\"https:\/\/pagos.lightbox.mx\/?product=pagina-web#breadcrumb\",\"itemListElement\":[{\"@type\":\"ListItem\",\"position\":1,\"name\":\"Portada\",\"item\":\"https:\/\/pagos.lightbox.mx\/\"},{\"@type\":\"ListItem\",\"position\":2,\"name\":\"Shop\",\"item\":\"https:\/\/pagos.lightbox.mx\/\"},{\"@type\":\"ListItem\",\"position\":3,\"name\":\"eCommerce a meses sin intereses\"}]},{\"@type\":\"WebSite\",\"@id\":\"https:\/\/pagos.lightbox.mx\/#website\",\"url\":\"https:\/\/pagos.lightbox.mx\/\",\"name\":\"Lightbox\",\"description\":\"\u00a1Est\u00e1s a punto de hacer crecer tus ventas!\",\"publisher\":{\"@id\":\"https:\/\/pagos.lightbox.mx\/#organization\"},\"potentialAction\":[{\"@type\":\"SearchAction\",\"target\":{\"@type\":\"EntryPoint\",\"urlTemplate\":\"https:\/\/pagos.lightbox.mx\/?s={search_term_string}\"},\"query-input\":\"required name=search_term_string\"}],\"inLanguage\":\"es\"},{\"@type\":\"Organization\",\"@id\":\"https:\/\/pagos.lightbox.mx\/#organization\",\"name\":\"Lightbox\",\"url\":\"https:\/\/pagos.lightbox.mx\/\",\"logo\":{\"@type\":\"ImageObject\",\"inLanguage\":\"es\",\"@id\":\"https:\/\/pagos.lightbox.mx\/#\/schema\/logo\/image\/\",\"url\":\"https:\/\/pagos.lightbox.mx\/wp-content\/uploads\/2022\/11\/cropped-L1.png\",\"contentUrl\":\"https:\/\/pagos.lightbox.mx\/wp-content\/uploads\/2022\/11\/cropped-L1.png\",\"width\":500,\"height\":115,\"caption\":\"Lightbox\"},\"image\":{\"@id\":\"https:\/\/pagos.lightbox.mx\/#\/schema\/logo\/image\/\"}}]}<\/script>\n<!-- \/ Yoast SEO plugin. -->","yoast_head_json":{"title":"eCommerce a meses sin intereses - Lightbox","robots":{"index":"index","follow":"follow","max-snippet":"max-snippet:-1","max-image-preview":"max-image-preview:large","max-video-preview":"max-video-preview:-1"},"canonical":"https:\/\/pagos.lightbox.mx\/?product=pagina-web","og_locale":"es_ES","og_type":"article","og_title":"eCommerce a meses sin intereses - Lightbox","og_description":"Incluye:  -Planeaci\u00f3n integral del desarrollo del sitio web. -Dise\u00f1o de maquetado y programaci\u00f3n del sitio web -sitio informativo de hasta 4 secciones de contenidos -integraci\u00f3n de tienda en l\u00ednea (50 SKU) -Pagos seguros: PayPal, Tarjeta de Cr\u00e9dito\/D\u00e9bito, Dep\u00f3sito y transferencias -Optimizaci\u00f3n SEO para Google -Vinculaci\u00f3n de redes sociales -Hosting y dominio por 1 a\u00f1o -Creaci\u00f3n ilimitada de cuentas de correo corporativas -Chat interactivo en l\u00ednea con WhatsApp y Facebook Messenger","og_url":"https:\/\/pagos.lightbox.mx\/?product=pagina-web","og_site_name":"Lightbox","article_modified_time":"2022-12-01T06:03:06+00:00","og_image":[{"width":750,"height":750,"url":"https:\/\/pagos.lightbox.mx\/wp-content\/uploads\/2022\/11\/ecommerce-e1668030836286.png","type":"image\/png"}],"twitter_card":"summary_large_image","schema":{"@context":"https:\/\/schema.org","@graph":[{"@type":"WebPage","@id":"https:\/\/pagos.lightbox.mx\/?product=pagina-web","url":"https:\/\/pagos.lightbox.mx\/?product=pagina-web","name":"eCommerce a meses sin intereses - Lightbox","isPartOf":{"@id":"https:\/\/pagos.lightbox.mx\/#website"},"datePublished":"2022-11-04T22:58:12+00:00","dateModified":"2022-12-01T06:03:06+00:00","breadcrumb":{"@id":"https:\/\/pagos.lightbox.mx\/?product=pagina-web#breadcrumb"},"inLanguage":"es","potentialAction":[{"@type":"ReadAction","target":["https:\/\/pagos.lightbox.mx\/?product=pagina-web"]}]},{"@type":"BreadcrumbList","@id":"https:\/\/pagos.lightbox.mx\/?product=pagina-web#breadcrumb","itemListElement":[{"@type":"ListItem","position":1,"name":"Portada","item":"https:\/\/pagos.lightbox.mx\/"},{"@type":"ListItem","position":2,"name":"Shop","item":"https:\/\/pagos.lightbox.mx\/"},{"@type":"ListItem","position":3,"name":"eCommerce a meses sin intereses"}]},{"@type":"WebSite","@id":"https:\/\/pagos.lightbox.mx\/#website","url":"https:\/\/pagos.lightbox.mx\/","name":"Lightbox","description":"\u00a1Est\u00e1s a punto de hacer crecer tus ventas!","publisher":{"@id":"https:\/\/pagos.lightbox.mx\/#organization"},"potentialAction":[{"@type":"SearchAction","target":{"@type":"EntryPoint","urlTemplate":"https:\/\/pagos.lightbox.mx\/?s={search_term_string}"},"query-input":"required name=search_term_string"}],"inLanguage":"es"},{"@type":"Organization","@id":"https:\/\/pagos.lightbox.mx\/#organization","name":"Lightbox","url":"https:\/\/pagos.lightbox.mx\/","logo":{"@type":"ImageObject","inLanguage":"es","@id":"https:\/\/pagos.lightbox.mx\/#\/schema\/logo\/image\/","url":"https:\/\/pagos.lightbox.mx\/wp-content\/uploads\/2022\/11\/cropped-L1.png","contentUrl":"https:\/\/pagos.lightbox.mx\/wp-content\/uploads\/2022\/11\/cropped-L1.png","width":500,"height":115,"caption":"Lightbox"},"image":{"@id":"https:\/\/pagos.lightbox.mx\/#\/schema\/logo\/image\/"}}]}},"_links":{"self":[{"href":"https:\/\/pagos.lightbox.mx\/index.php?rest_route=\/wp\/v2\/product\/11","targetHints":{"allow":["GET"]}}],"collection":[{"href":"https:\/\/pagos.lightbox.mx\/index.php?rest_route=\/wp\/v2\/product"}],"about":[{"href":"https:\/\/pagos.lightbox.mx\/index.php?rest_route=\/wp\/v2\/types\/product"}],"replies":[{"embeddable":true,"href":"https:\/\/pagos.lightbox.mx\/index.php?rest_route=%2Fwp%2Fv2%2Fcomments&post=11"}],"wp:featuredmedia":[{"embeddable":true,"href":"https:\/\/pagos.lightbox.mx\/index.php?rest_route=\/wp\/v2\/media\/5350"}],"wp:attachment":[{"href":"https:\/\/pagos.lightbox.mx\/index.php?rest_route=%2Fwp%2Fv2%2Fmedia&parent=11"}],"wp:term":[{"taxonomy":"product_cat","embeddable":true,"href":"https:\/\/pagos.lightbox.mx\/index.php?rest_route=%2Fwp%2Fv2%2Fproduct_cat&post=11"},{"taxonomy":"product_tag","embeddable":true,"href":"https:\/\/pagos.lightbox.mx\/index.php?rest_route=%2Fwp%2Fv2%2Fproduct_tag&post=11"}],"curies":[{"name":"wp","href":"https:\/\/api.w.org\/{rel}","templated":true}]}}